{"id":182,"date":"2025-07-03T15:52:26","date_gmt":"2025-07-03T15:52:26","guid":{"rendered":"https:\/\/loja.visiteobrasil.com.br\/artigos\/?page_id=182"},"modified":"2025-07-03T15:52:26","modified_gmt":"2025-07-03T15:52:26","slug":"codigo-de-etica","status":"publish","type":"page","link":"https:\/\/loja.visiteobrasil.com.br\/artigos\/codigo-de-etica\/","title":{"rendered":"Codigo de \u00c9tica"},"content":{"rendered":"<h1>C\u00f3digo de \u00c9tica \u2014 Artigos Espirituais<\/h1>\n<p>Nosso conte\u00fado \u00e9 guiado por princ\u00edpios \u00e9ticos inegoci\u00e1veis:<\/p>\n<ul>\n<li><strong>Respeito<\/strong>: A todas as religi\u00f5es, cren\u00e7as, tradi\u00e7\u00f5es e pessoas.<\/li>\n<li><strong>Verdade<\/strong>: N\u00e3o publicamos conte\u00fados manipulados ou enganosos.<\/li>\n<li><strong>Responsabilidade espiritual<\/strong>: Cuidamos para que todo conte\u00fado publicado inspire o bem, o esclarecimento e o progresso moral.<\/li>\n<li><strong>Autoria<\/strong>: Damos os devidos cr\u00e9ditos a autores, m\u00e9diuns e fontes utilizadas.<\/li>\n<li><strong>Imparcialidade<\/strong>: N\u00e3o promovemos disputas religiosas, nem propagamos vis\u00f5es dogm\u00e1ticas.<\/li>\n<\/ul>\n<p>Acreditamos que o conhecimento espiritual deve ser compartilhado com responsabilidade e amor.<\/p>\n<p>Para d\u00favidas, sugest\u00f5es ou den\u00fancias, escreva para: <strong>contato@visiteobrasil.com.br<\/strong><\/p>\n","protected":false},"excerpt":{"rendered":"<p>C\u00f3digo de \u00c9tica \u2014 Artigos Espirituais Nosso conte\u00fado \u00e9 guiado por princ\u00edpios \u00e9ticos inegoci\u00e1veis: Respeito: A todas as religi\u00f5es, cren\u00e7as, [&hellip;]<\/p>\n","protected":false},"author":2,"featured_media":0,"parent":0,"menu_order":0,"comment_status":"closed","ping_status":"closed","template":"","meta":{"site-sidebar-layout":"default","site-content-layout":"","ast-site-content-layout":"default","site-content-style":"default","site-sidebar-style":"default","ast-global-header-display":"","ast-banner-title-visibility":"","ast-main-header-display":"","ast-hfb-above-header-display":"","ast-hfb-below-header-display":"","ast-hfb-mobile-header-display":"","site-post-title":"","ast-breadcrumbs-content":"","ast-featured-img":"","footer-sml-layout":"","theme-transparent-header-meta":"","adv-header-id-meta":"","stick-header-meta":"","header-above-stick-meta":"","header-main-stick-meta":"","header-below-stick-meta":"","astra-migrate-meta-layouts":"default","ast-page-background-enabled":"default","ast-page-background-meta":{"desktop":{"background-color":"var(--ast-global-color-5)","background-image":"","background-repeat":"repeat","background-position":"center center","background-size":"auto","background-attachment":"scroll","background-type":"","background-media":"","overlay-type":"","overlay-color":"","overlay-opacity":"","overlay-gradient":""},"tablet":{"background-color":"","background-image":"","background-repeat":"repeat","background-position":"center center","background-size":"auto","background-attachment":"scroll","background-type":"","background-media":"","overlay-type":"","overlay-color":"","overlay-opacity":"","overlay-gradient":""},"mobile":{"background-color":"","background-image":"","background-repeat":"repeat","background-position":"center center","background-size":"auto","background-attachment":"scroll","background-type":"","background-media":"","overlay-type":"","overlay-color":"","overlay-opacity":"","overlay-gradient":""}},"ast-content-background-meta":{"desktop":{"background-color":"var(--ast-global-color-4)","background-image":"","background-repeat":"repeat","background-position":"center center","background-size":"auto","background-attachment":"scroll","background-type":"","background-media":"","overlay-type":"","overlay-color":"","overlay-opacity":"","overlay-gradient":""},"tablet":{"background-color":"var(--ast-global-color-4)","background-image":"","background-repeat":"repeat","background-position":"center center","background-size":"auto","background-attachment":"scroll","background-type":"","background-media":"","overlay-type":"","overlay-color":"","overlay-opacity":"","overlay-gradient":""},"mobile":{"background-color":"var(--ast-global-color-4)","background-image":"","background-repeat":"repeat","background-position":"center center","background-size":"auto","background-attachment":"scroll","background-type":"","background-media":"","overlay-type":"","overlay-color":"","overlay-opacity":"","overlay-gradient":""}},"jetpack_post_was_ever_published":false,"footnotes":""},"class_list":["post-182","page","type-page","status-publish","hentry"],"jetpack_sharing_enabled":true,"jetpack_likes_enabled":true,"jetpack-related-posts":[{"id":186,"url":"https:\/\/loja.visiteobrasil.com.br\/artigos\/politica-editorial\/","url_meta":{"origin":182,"position":0},"title":"Politica editorial","author":"Ramon Andrade","date":"julho 3, 2025","format":false,"excerpt":"Pol\u00edtica Editorial \u2014 Artigos Espirituais A miss\u00e3o do portal Artigos Espirituais \u00e9 oferecer conte\u00fado confi\u00e1vel, sens\u00edvel e profundamente reflexivo sobre temas ligados \u00e0 espiritualidade, ao espiritismo, \u00e0 ci\u00eancia espiritual e ao autoconhecimento. Compromissos editoriais: - Publicar apenas conte\u00fados baseados em estudos, experi\u00eancias medi\u00fanicas ou doutrin\u00e1rias compat\u00edveis com os princ\u00edpios do\u2026","rel":"","context":"Post similar","block_context":{"text":"Post similar","link":""},"img":{"alt_text":"","src":"","width":0,"height":0},"classes":[]},{"id":506,"url":"https:\/\/loja.visiteobrasil.com.br\/artigos\/politica-de-privacidade\/","url_meta":{"origin":182,"position":1},"title":"Pol\u00edtica de privacidade","author":"Ramon Andrade","date":"junho 25, 2025","format":false,"excerpt":"Coment\u00e1rios Quando os visitantes deixam coment\u00e1rios no site, coletamos os dados exibidos no formul\u00e1rio de coment\u00e1rios, al\u00e9m do endere\u00e7o IP do visitante e a cadeia de agente do navegador, para ajudar na detec\u00e7\u00e3o de spam. Uma sequ\u00eancia an\u00f4nima criada a partir do seu endere\u00e7o de e-mail (tamb\u00e9m chamada de hash)\u2026","rel":"","context":"Post similar","block_context":{"text":"Post similar","link":""},"img":{"alt_text":"","src":"","width":0,"height":0},"classes":[]},{"id":218,"url":"https:\/\/loja.visiteobrasil.com.br\/artigos\/ramon-andrade-autor\/","url_meta":{"origin":182,"position":2},"title":"Sobre o autor","author":"Ramon Andrade","date":"julho 7, 2025","format":false,"excerpt":"","rel":"","context":"Post similar","block_context":{"text":"Post similar","link":""},"img":{"alt_text":"","src":"","width":0,"height":0},"classes":[]}],"_links":{"self":[{"href":"https:\/\/loja.visiteobrasil.com.br\/artigos\/wp-json\/wp\/v2\/pages\/182","targetHints":{"allow":["GET"]}}],"collection":[{"href":"https:\/\/loja.visiteobrasil.com.br\/artigos\/wp-json\/wp\/v2\/pages"}],"about":[{"href":"https:\/\/loja.visiteobrasil.com.br\/artigos\/wp-json\/wp\/v2\/types\/page"}],"author":[{"embeddable":true,"href":"https:\/\/loja.visiteobrasil.com.br\/artigos\/wp-json\/wp\/v2\/users\/2"}],"replies":[{"embeddable":true,"href":"https:\/\/loja.visiteobrasil.com.br\/artigos\/wp-json\/wp\/v2\/comments?post=182"}],"version-history":[{"count":0,"href":"https:\/\/loja.visiteobrasil.com.br\/artigos\/wp-json\/wp\/v2\/pages\/182\/revisions"}],"wp:attachment":[{"href":"https:\/\/loja.visiteobrasil.com.br\/artigos\/wp-json\/wp\/v2\/media?parent=182"}],"curies":[{"name":"wp","href":"https:\/\/api.w.org\/{rel}","templated":true}]}}