{"id":506,"date":"2025-06-25T02:39:29","date_gmt":"2025-06-25T02:39:29","guid":{"rendered":"https:\/\/loja.visiteobrasil.com.br\/artigos\/?page_id=3"},"modified":"2025-06-25T02:39:29","modified_gmt":"2025-06-25T02:39:29","slug":"politica-de-privacidade","status":"publish","type":"page","link":"https:\/\/loja.visiteobrasil.com.br\/artigos\/politica-de-privacidade\/","title":{"rendered":"Pol\u00edtica de privacidade"},"content":{"rendered":"\n<h3 class=\"wp-block-heading\" data-start=\"243\" data-end=\"262\"><strong data-start=\"247\" data-end=\"262\">Coment\u00e1rios<\/strong><\/h3>\n<p data-start=\"264\" data-end=\"471\">Quando os visitantes deixam coment\u00e1rios no site, coletamos os dados exibidos no formul\u00e1rio de coment\u00e1rios, al\u00e9m do endere\u00e7o IP do visitante e a cadeia de agente do navegador, para ajudar na detec\u00e7\u00e3o de spam.<\/p>\n<p data-start=\"473\" data-end=\"878\">Uma sequ\u00eancia an\u00f4nima criada a partir do seu endere\u00e7o de e-mail (tamb\u00e9m chamada de hash) pode ser fornecida ao servi\u00e7o Gravatar para verificar se voc\u00ea o utiliza. A pol\u00edtica de privacidade do servi\u00e7o Gravatar est\u00e1 dispon\u00edvel aqui: <a class=\"\" href=\"https:\/\/automattic.com\/privacy\/\" target=\"_new\" rel=\"noopener\" data-start=\"703\" data-end=\"769\">https:\/\/automattic.com\/privacy\/<\/a>. Ap\u00f3s a aprova\u00e7\u00e3o do seu coment\u00e1rio, a foto do seu perfil ficar\u00e1 vis\u00edvel ao p\u00fablico junto ao seu coment\u00e1rio.<\/p>\n<hr data-start=\"880\" data-end=\"883\" \/>\n<h3 data-start=\"885\" data-end=\"898\"><strong data-start=\"889\" data-end=\"898\">M\u00eddia<\/strong><\/h3>\n<p data-start=\"900\" data-end=\"1099\">Se voc\u00ea enviar imagens para o site, evite enviar imagens com dados de localiza\u00e7\u00e3o incorporados (EXIF GPS). Visitantes do site podem baixar e extrair esses dados de localiza\u00e7\u00e3o das imagens publicadas.<\/p>\n<hr data-start=\"1101\" data-end=\"1104\" \/>\n<h3 data-start=\"1106\" data-end=\"1121\"><strong data-start=\"1110\" data-end=\"1121\">Cookies<\/strong><\/h3>\n<p data-start=\"1123\" data-end=\"1370\">Se voc\u00ea deixar um coment\u00e1rio no nosso site, poder\u00e1 optar por salvar seu nome, e-mail e site nos cookies. Isso \u00e9 para sua conveni\u00eancia, para que voc\u00ea n\u00e3o precise preencher seus dados novamente ao deixar outro coment\u00e1rio. Esses cookies duram um ano.<\/p>\n<p data-start=\"1372\" data-end=\"1572\">Se voc\u00ea visitar nossa p\u00e1gina de login, um cookie tempor\u00e1rio ser\u00e1 criado para verificar se o seu navegador aceita cookies. Esse cookie n\u00e3o cont\u00e9m dados pessoais e ser\u00e1 descartado ao fechar o navegador.<\/p>\n<p data-start=\"1574\" data-end=\"1893\">Ao fazer login, tamb\u00e9m criamos v\u00e1rios cookies para salvar suas informa\u00e7\u00f5es de login e prefer\u00eancias de exibi\u00e7\u00e3o da tela. Os cookies de login duram dois dias e os de op\u00e7\u00f5es de tela duram um ano. Se voc\u00ea selecionar \u201cLembrar-me\u201d, seu login persistir\u00e1 por duas semanas. Ao sair da conta, os cookies de login ser\u00e3o removidos.<\/p>\n<p data-start=\"1895\" data-end=\"2088\">Se voc\u00ea editar ou publicar um artigo, um cookie adicional ser\u00e1 salvo em seu navegador. Esse cookie n\u00e3o cont\u00e9m dados pessoais e apenas indica o ID do post que foi editado. Ele expira ap\u00f3s 1 dia.<\/p>\n<hr data-start=\"2090\" data-end=\"2093\" \/>\n<h3 data-start=\"2095\" data-end=\"2139\"><strong data-start=\"2099\" data-end=\"2139\">Conte\u00fado incorporado de outros sites<\/strong><\/h3>\n<p data-start=\"2141\" data-end=\"2375\">Os artigos neste site podem incluir conte\u00fado incorporado (por exemplo: v\u00eddeos, imagens, artigos, etc.). O conte\u00fado incorporado de outros sites se comporta exatamente da mesma forma como se o visitante estivesse acessando o outro site.<\/p>\n<p data-start=\"2377\" data-end=\"2598\">Esses sites podem coletar dados sobre voc\u00ea, usar cookies, incorporar rastreamento de terceiros adicional e monitorar sua intera\u00e7\u00e3o com esse conte\u00fado incorporado, inclusive se voc\u00ea tem uma conta e est\u00e1 logado nesses sites.<\/p>\n<hr data-start=\"2600\" data-end=\"2603\" \/>\n<h3 data-start=\"2605\" data-end=\"2647\"><strong data-start=\"2609\" data-end=\"2647\">Com quem compartilhamos seus dados<\/strong><\/h3>\n<p data-start=\"2649\" data-end=\"2748\">Se voc\u00ea solicitar uma redefini\u00e7\u00e3o de senha, seu endere\u00e7o IP ser\u00e1 inclu\u00eddo no e-mail de redefini\u00e7\u00e3o.<\/p>\n<hr data-start=\"2750\" data-end=\"2753\" \/>\n<h3 data-start=\"2755\" data-end=\"2799\"><strong data-start=\"2759\" data-end=\"2799\">Por quanto tempo mantemos seus dados<\/strong><\/h3>\n<p data-start=\"2801\" data-end=\"3036\">Se voc\u00ea deixar um coment\u00e1rio, o coment\u00e1rio e seus metadados ser\u00e3o mantidos indefinidamente. Isso \u00e9 para que possamos reconhecer e aprovar automaticamente quaisquer coment\u00e1rios subsequentes, em vez de mant\u00ea-los em uma fila de modera\u00e7\u00e3o.<\/p>\n<p data-start=\"3038\" data-end=\"3363\">Para usu\u00e1rios que se registram em nosso site (se houver), tamb\u00e9m armazenamos as informa\u00e7\u00f5es pessoais fornecidas no perfil de usu\u00e1rio. Todos os usu\u00e1rios podem ver, editar ou excluir suas informa\u00e7\u00f5es pessoais a qualquer momento (exceto o nome de usu\u00e1rio). Os administradores do site tamb\u00e9m podem ver e editar essas informa\u00e7\u00f5es.<\/p>\n<hr data-start=\"3365\" data-end=\"3368\" \/>\n<h3 data-start=\"3370\" data-end=\"3418\"><strong data-start=\"3374\" data-end=\"3418\">Quais direitos voc\u00ea tem sobre seus dados<\/strong><\/h3>\n<p data-start=\"3420\" data-end=\"3761\">Se voc\u00ea tiver uma conta neste site ou tiver deixado coment\u00e1rios, pode solicitar um arquivo exportado com os dados pessoais que armazenamos sobre voc\u00ea, incluindo os dados que voc\u00ea nos forneceu. Tamb\u00e9m pode solicitar a exclus\u00e3o desses dados. Isso n\u00e3o inclui dados que somos obrigados a manter para fins administrativos, legais ou de seguran\u00e7a.<\/p>\n<hr data-start=\"3763\" data-end=\"3766\" \/>\n<h3 data-start=\"3768\" data-end=\"3809\"><strong data-start=\"3772\" data-end=\"3809\">Para onde seus dados s\u00e3o enviados<\/strong><\/h3>\n<p data-start=\"3811\" data-end=\"3905\">Coment\u00e1rios de visitantes podem ser verificados por um servi\u00e7o autom\u00e1tico de detec\u00e7\u00e3o de spam.<\/p>\n\n<p>&nbsp;<\/p>","protected":false},"excerpt":{"rendered":"<p>Coment\u00e1rios Quando os visitantes deixam coment\u00e1rios no site, coletamos os dados exibidos no formul\u00e1rio de coment\u00e1rios, al\u00e9m do endere\u00e7o IP [&hellip;]<\/p>\n","protected":false},"author":2,"featured_media":0,"parent":0,"menu_order":0,"comment_status":"closed","ping_status":"open","template":"","meta":{"site-sidebar-layout":"default","site-content-layout":"","ast-site-content-layout":"default","site-content-style":"default","site-sidebar-style":"default","ast-global-header-display":"","ast-banner-title-visibility":"","ast-main-header-display":"","ast-hfb-above-header-display":"","ast-hfb-below-header-display":"","ast-hfb-mobile-header-display":"","site-post-title":"","ast-breadcrumbs-content":"","ast-featured-img":"","footer-sml-layout":"","theme-transparent-header-meta":"","adv-header-id-meta":"","stick-header-meta":"","header-above-stick-meta":"","header-main-stick-meta":"","header-below-stick-meta":"","astra-migrate-meta-layouts":"default","ast-page-background-enabled":"default","ast-page-background-meta":{"desktop":{"background-color":"var(--ast-global-color-5)","background-image":"","background-repeat":"repeat","background-position":"center center","background-size":"auto","background-attachment":"scroll","background-type":"","background-media":"","overlay-type":"","overlay-color":"","overlay-opacity":"","overlay-gradient":""},"tablet":{"background-color":"","background-image":"","background-repeat":"repeat","background-position":"center center","background-size":"auto","background-attachment":"scroll","background-type":"","background-media":"","overlay-type":"","overlay-color":"","overlay-opacity":"","overlay-gradient":""},"mobile":{"background-color":"","background-image":"","background-repeat":"repeat","background-position":"center center","background-size":"auto","background-attachment":"scroll","background-type":"","background-media":"","overlay-type":"","overlay-color":"","overlay-opacity":"","overlay-gradient":""}},"ast-content-background-meta":{"desktop":{"background-color":"var(--ast-global-color-4)","background-image":"","background-repeat":"repeat","background-position":"center center","background-size":"auto","background-attachment":"scroll","background-type":"","background-media":"","overlay-type":"","overlay-color":"","overlay-opacity":"","overlay-gradient":""},"tablet":{"background-color":"var(--ast-global-color-4)","background-image":"","background-repeat":"repeat","background-position":"center center","background-size":"auto","background-attachment":"scroll","background-type":"","background-media":"","overlay-type":"","overlay-color":"","overlay-opacity":"","overlay-gradient":""},"mobile":{"background-color":"var(--ast-global-color-4)","background-image":"","background-repeat":"repeat","background-position":"center center","background-size":"auto","background-attachment":"scroll","background-type":"","background-media":"","overlay-type":"","overlay-color":"","overlay-opacity":"","overlay-gradient":""}},"jetpack_post_was_ever_published":false,"footnotes":""},"class_list":["post-506","page","type-page","status-publish","hentry"],"jetpack_sharing_enabled":true,"jetpack_likes_enabled":true,"jetpack-related-posts":[{"id":186,"url":"https:\/\/loja.visiteobrasil.com.br\/artigos\/politica-editorial\/","url_meta":{"origin":506,"position":0},"title":"Politica editorial","author":"Ramon Andrade","date":"julho 3, 2025","format":false,"excerpt":"Pol\u00edtica Editorial \u2014 Artigos Espirituais A miss\u00e3o do portal Artigos Espirituais \u00e9 oferecer conte\u00fado confi\u00e1vel, sens\u00edvel e profundamente reflexivo sobre temas ligados \u00e0 espiritualidade, ao espiritismo, \u00e0 ci\u00eancia espiritual e ao autoconhecimento. Compromissos editoriais: - Publicar apenas conte\u00fados baseados em estudos, experi\u00eancias medi\u00fanicas ou doutrin\u00e1rias compat\u00edveis com os princ\u00edpios do\u2026","rel":"","context":"Post similar","block_context":{"text":"Post similar","link":""},"img":{"alt_text":"","src":"","width":0,"height":0},"classes":[]}],"_links":{"self":[{"href":"https:\/\/loja.visiteobrasil.com.br\/artigos\/wp-json\/wp\/v2\/pages\/506","targetHints":{"allow":["GET"]}}],"collection":[{"href":"https:\/\/loja.visiteobrasil.com.br\/artigos\/wp-json\/wp\/v2\/pages"}],"about":[{"href":"https:\/\/loja.visiteobrasil.com.br\/artigos\/wp-json\/wp\/v2\/types\/page"}],"author":[{"embeddable":true,"href":"https:\/\/loja.visiteobrasil.com.br\/artigos\/wp-json\/wp\/v2\/users\/2"}],"replies":[{"embeddable":true,"href":"https:\/\/loja.visiteobrasil.com.br\/artigos\/wp-json\/wp\/v2\/comments?post=506"}],"version-history":[{"count":0,"href":"https:\/\/loja.visiteobrasil.com.br\/artigos\/wp-json\/wp\/v2\/pages\/506\/revisions"}],"wp:attachment":[{"href":"https:\/\/loja.visiteobrasil.com.br\/artigos\/wp-json\/wp\/v2\/media?parent=506"}],"curies":[{"name":"wp","href":"https:\/\/api.w.org\/{rel}","templated":true}]}}