{"id":91,"date":"2025-06-26T21:23:35","date_gmt":"2025-06-26T21:23:35","guid":{"rendered":"https:\/\/loja.visiteobrasil.com.br\/artigos\/?page_id=91"},"modified":"2025-08-14T17:01:32","modified_gmt":"2025-08-14T17:01:32","slug":"quem-somos","status":"publish","type":"page","link":"https:\/\/loja.visiteobrasil.com.br\/artigos\/quem-somos\/","title":{"rendered":"Quem somos"},"content":{"rendered":"<p data-start=\"161\" data-end=\"430\">Bem-vindo ao <strong data-start=\"174\" data-end=\"192\">Artigos Espirituais<\/strong>, o espa\u00e7o dedicado a compartilhar conhecimento, reflex\u00f5es e ensinamentos sobre espiritualidade e espiritismo. Nosso objetivo \u00e9 proporcionar conte\u00fado de qualidade que inspire, esclare\u00e7a e enrique\u00e7a a jornada espiritual de nossos leitores.<\/p>\n<p data-start=\"432\" data-end=\"767\">Aqui, publicamos artigos que abordam temas profundos sobre a vida, a alma e as conex\u00f5es espirituais que nos envolvem, com respeito \u00e0s diversas tradi\u00e7\u00f5es e ensinamentos espirituais. Buscamos trazer informa\u00e7\u00f5es que ajudem no entendimento do esp\u00edrito humano, no fortalecimento da f\u00e9 e na pr\u00e1tica de valores como amor, caridade e evolu\u00e7\u00e3o.<\/p>\n<p data-start=\"769\" data-end=\"1044\">Nosso compromisso \u00e9 com a verdade, o estudo s\u00e9rio e a reflex\u00e3o profunda. Seja voc\u00ea um iniciado no espiritismo ou algu\u00e9m em busca de respostas sobre o prop\u00f3sito da vida, aqui encontrar\u00e1 uma comunidade que valoriza o respeito m\u00fatuo, o aprendizado cont\u00ednuo e o autoconhecimento.<\/p>\n<p data-start=\"1046\" data-end=\"1305\">Acreditamos que a espiritualidade transcende qualquer religi\u00e3o ou doutrina, sendo uma experi\u00eancia pessoal que nos conecta com algo maior. A miss\u00e3o do <strong data-start=\"1196\" data-end=\"1214\">Artigos Espirituais<\/strong>\u00a0\u00e9 iluminar o caminho de cada um, oferecendo uma fonte constante de sabedoria e inspira\u00e7\u00e3o.<\/p>\n<p data-start=\"1307\" data-end=\"1394\">Junte-se a n\u00f3s nesta jornada de descoberta, evolu\u00e7\u00e3o e compreens\u00e3o do mundo espiritual!<\/p>\n","protected":false},"excerpt":{"rendered":"<p>Bem-vindo ao Artigos Espirituais, o espa\u00e7o dedicado a compartilhar conhecimento, reflex\u00f5es e ensinamentos sobre espiritualidade e espiritismo. Nosso objetivo \u00e9 [&hellip;]<\/p>\n","protected":false},"author":2,"featured_media":0,"parent":0,"menu_order":0,"comment_status":"closed","ping_status":"closed","template":"","meta":{"site-sidebar-layout":"default","site-content-layout":"","ast-site-content-layout":"default","site-content-style":"default","site-sidebar-style":"default","ast-global-header-display":"","ast-banner-title-visibility":"","ast-main-header-display":"","ast-hfb-above-header-display":"","ast-hfb-below-header-display":"","ast-hfb-mobile-header-display":"","site-post-title":"","ast-breadcrumbs-content":"","ast-featured-img":"","footer-sml-layout":"","ast-disable-related-posts":"","theme-transparent-header-meta":"default","adv-header-id-meta":"","stick-header-meta":"","header-above-stick-meta":"","header-main-stick-meta":"","header-below-stick-meta":"","astra-migrate-meta-layouts":"set","ast-page-background-enabled":"default","ast-page-background-meta":{"desktop":{"background-color":"var(--ast-global-color-5)","background-image":"","background-repeat":"repeat","background-position":"center center","background-size":"auto","background-attachment":"scroll","background-type":"","background-media":"","overlay-type":"","overlay-color":"","overlay-opacity":"","overlay-gradient":""},"tablet":{"background-color":"","background-image":"","background-repeat":"repeat","background-position":"center center","background-size":"auto","background-attachment":"scroll","background-type":"","background-media":"","overlay-type":"","overlay-color":"","overlay-opacity":"","overlay-gradient":""},"mobile":{"background-color":"","background-image":"","background-repeat":"repeat","background-position":"center center","background-size":"auto","background-attachment":"scroll","background-type":"","background-media":"","overlay-type":"","overlay-color":"","overlay-opacity":"","overlay-gradient":""}},"ast-content-background-meta":{"desktop":{"background-color":"var(--ast-global-color-4)","background-image":"","background-repeat":"repeat","background-position":"center center","background-size":"auto","background-attachment":"scroll","background-type":"","background-media":"","overlay-type":"","overlay-color":"","overlay-opacity":"","overlay-gradient":""},"tablet":{"background-color":"var(--ast-global-color-4)","background-image":"","background-repeat":"repeat","background-position":"center center","background-size":"auto","background-attachment":"scroll","background-type":"","background-media":"","overlay-type":"","overlay-color":"","overlay-opacity":"","overlay-gradient":""},"mobile":{"background-color":"var(--ast-global-color-4)","background-image":"","background-repeat":"repeat","background-position":"center center","background-size":"auto","background-attachment":"scroll","background-type":"","background-media":"","overlay-type":"","overlay-color":"","overlay-opacity":"","overlay-gradient":""}},"jetpack_post_was_ever_published":false,"footnotes":""},"class_list":["post-91","page","type-page","status-publish","hentry"],"jetpack_sharing_enabled":true,"jetpack_likes_enabled":true,"jetpack-related-posts":[{"id":186,"url":"https:\/\/loja.visiteobrasil.com.br\/artigos\/politica-editorial\/","url_meta":{"origin":91,"position":0},"title":"Politica editorial","author":"Ramon Andrade","date":"julho 3, 2025","format":false,"excerpt":"Pol\u00edtica Editorial \u2014 Artigos Espirituais A miss\u00e3o do portal Artigos Espirituais \u00e9 oferecer conte\u00fado confi\u00e1vel, sens\u00edvel e profundamente reflexivo sobre temas ligados \u00e0 espiritualidade, ao espiritismo, \u00e0 ci\u00eancia espiritual e ao autoconhecimento. Compromissos editoriais: - Publicar apenas conte\u00fados baseados em estudos, experi\u00eancias medi\u00fanicas ou doutrin\u00e1rias compat\u00edveis com os princ\u00edpios do\u2026","rel":"","context":"Post similar","block_context":{"text":"Post similar","link":""},"img":{"alt_text":"","src":"","width":0,"height":0},"classes":[]},{"id":182,"url":"https:\/\/loja.visiteobrasil.com.br\/artigos\/codigo-de-etica\/","url_meta":{"origin":91,"position":1},"title":"Codigo de \u00c9tica","author":"Ramon Andrade","date":"julho 3, 2025","format":false,"excerpt":"C\u00f3digo de \u00c9tica \u2014 Artigos Espirituais Nosso conte\u00fado \u00e9 guiado por princ\u00edpios \u00e9ticos inegoci\u00e1veis: Respeito: A todas as religi\u00f5es, cren\u00e7as, tradi\u00e7\u00f5es e pessoas. Verdade: N\u00e3o publicamos conte\u00fados manipulados ou enganosos. Responsabilidade espiritual: Cuidamos para que todo conte\u00fado publicado inspire o bem, o esclarecimento e o progresso moral. Autoria: Damos os\u2026","rel":"","context":"Post similar","block_context":{"text":"Post similar","link":""},"img":{"alt_text":"","src":"","width":0,"height":0},"classes":[]},{"id":506,"url":"https:\/\/loja.visiteobrasil.com.br\/artigos\/politica-de-privacidade\/","url_meta":{"origin":91,"position":2},"title":"Pol\u00edtica de privacidade","author":"Ramon Andrade","date":"junho 25, 2025","format":false,"excerpt":"Coment\u00e1rios Quando os visitantes deixam coment\u00e1rios no site, coletamos os dados exibidos no formul\u00e1rio de coment\u00e1rios, al\u00e9m do endere\u00e7o IP do visitante e a cadeia de agente do navegador, para ajudar na detec\u00e7\u00e3o de spam. Uma sequ\u00eancia an\u00f4nima criada a partir do seu endere\u00e7o de e-mail (tamb\u00e9m chamada de hash)\u2026","rel":"","context":"Post similar","block_context":{"text":"Post similar","link":""},"img":{"alt_text":"","src":"","width":0,"height":0},"classes":[]},{"id":218,"url":"https:\/\/loja.visiteobrasil.com.br\/artigos\/ramon-andrade-autor\/","url_meta":{"origin":91,"position":3},"title":"Sobre o autor","author":"Ramon Andrade","date":"julho 7, 2025","format":false,"excerpt":"","rel":"","context":"Post similar","block_context":{"text":"Post similar","link":""},"img":{"alt_text":"","src":"","width":0,"height":0},"classes":[]},{"id":190,"url":"https:\/\/loja.visiteobrasil.com.br\/artigos\/contato\/","url_meta":{"origin":91,"position":4},"title":"Contato","author":"Ramon Andrade","date":"julho 3, 2025","format":false,"excerpt":"Caso precise falar conosco, favor enviar sua mensagem para o e-mail : visiteobrasil@gmail.com","rel":"","context":"Post similar","block_context":{"text":"Post similar","link":""},"img":{"alt_text":"","src":"","width":0,"height":0},"classes":[]}],"_links":{"self":[{"href":"https:\/\/loja.visiteobrasil.com.br\/artigos\/wp-json\/wp\/v2\/pages\/91","targetHints":{"allow":["GET"]}}],"collection":[{"href":"https:\/\/loja.visiteobrasil.com.br\/artigos\/wp-json\/wp\/v2\/pages"}],"about":[{"href":"https:\/\/loja.visiteobrasil.com.br\/artigos\/wp-json\/wp\/v2\/types\/page"}],"author":[{"embeddable":true,"href":"https:\/\/loja.visiteobrasil.com.br\/artigos\/wp-json\/wp\/v2\/users\/2"}],"replies":[{"embeddable":true,"href":"https:\/\/loja.visiteobrasil.com.br\/artigos\/wp-json\/wp\/v2\/comments?post=91"}],"version-history":[{"count":0,"href":"https:\/\/loja.visiteobrasil.com.br\/artigos\/wp-json\/wp\/v2\/pages\/91\/revisions"}],"wp:attachment":[{"href":"https:\/\/loja.visiteobrasil.com.br\/artigos\/wp-json\/wp\/v2\/media?parent=91"}],"curies":[{"name":"wp","href":"https:\/\/api.w.org\/{rel}","templated":true}]}}